{"id":2172,"date":"2017-05-13T08:31:02","date_gmt":"2017-05-13T08:31:02","guid":{"rendered":"http:\/\/symposium2017.ca-institute.com\/?page_id=2172"},"modified":"2019-05-25T14:04:43","modified_gmt":"2019-05-25T14:04:43","slug":"speakers-kinda-dolezi","status":"publish","type":"page","link":"https:\/\/symposium.ca-institute.com\/index.php\/speakers-kinda-dolezi\/","title":{"rendered":"Speakers &#8211; Linda Dolezi"},"content":{"rendered":"<p>[vc_row][vc_column][vc_column_text]<img loading=\"lazy\" decoding=\"async\" class=\"img-circle alignnone wp-image-3953 size-medium\" src=\"https:\/\/symposium.ca-institute.com\/wp-content\/uploads\/Dolezi_foto_LSB1-1-199x300.jpg\" alt=\"\" width=\"199\" height=\"300\" srcset=\"https:\/\/symposium.ca-institute.com\/wp-content\/uploads\/Dolezi_foto_LSB1-1-199x300.jpg 199w, https:\/\/symposium.ca-institute.com\/wp-content\/uploads\/Dolezi_foto_LSB1-1-768x1156.jpg 768w, https:\/\/symposium.ca-institute.com\/wp-content\/uploads\/Dolezi_foto_LSB1-1-680x1024.jpg 680w\" sizes=\"auto, (max-width: 199px) 100vw, 199px\" \/><\/p>\n<p><strong>Linda Dole\u017e\u00ed<\/strong><\/p>\n<p>Linda Dole\u017e\u00ed is a language teacher and teacher trainer. She works as an Assistant Professor at Masaryk University Language Centre and at the Department of Czech Language of Faculty of Arts. She focuses on teaching methodology, language acquisition and psycho- and neurolinguistics in multilingual contexts. Linda is a former methodologist of the State Integration Programme and she specializes in language support for children-foreigners, in particular refugees.<\/p>\n<p><strong>Workshop:<em>Why do we forget languages? \u2013 Or do we?<\/em><\/strong><\/p>\n<p>In my presentation I would like to introduce results of some psycho- and neurolinguistic studies concerning language attrition and forgetting. I will focus on whether and how vocabulary and grammar can be forgotten or lost. According to some studies even an apparently forgotten language leaves an imprint in our brain and the question is what role this language plays and how it influences other languages in our mind as well as our identity. Role of emotions will be stressed and special attention will be paid to trauma and conflict in connection to human memory and language processing. Last but not least, I would like to show how this type of knowledge can contribute to our foreign language teaching and how we can support our students not only in successfully learning their languages but also in using them and maintaining them.<\/p>\n<p>[\/vc_column_text][\/vc_column][\/vc_row]<\/p>\n","protected":false},"excerpt":{"rendered":"<p>[vc_row][vc_column][vc_column_text] Linda Dole\u017e\u00ed Linda Dole\u017e\u00ed is a language teacher and teacher trainer. She works as an Assistant Professor at Masaryk University Language Centre and at the Department of Czech Language <a href='https:\/\/symposium.ca-institute.com\/index.php\/speakers-kinda-dolezi\/' title='read more!'>&#8230;<\/a><\/p>\n","protected":false},"author":2,"featured_media":0,"parent":0,"menu_order":0,"comment_status":"closed","ping_status":"closed","template":"","meta":{"ngg_post_thumbnail":0,"footnotes":""},"class_list":["post-2172","page","type-page","status-publish","hentry"],"_links":{"self":[{"href":"https:\/\/symposium.ca-institute.com\/index.php\/wp-json\/wp\/v2\/pages\/2172","targetHints":{"allow":["GET"]}}],"collection":[{"href":"https:\/\/symposium.ca-institute.com\/index.php\/wp-json\/wp\/v2\/pages"}],"about":[{"href":"https:\/\/symposium.ca-institute.com\/index.php\/wp-json\/wp\/v2\/types\/page"}],"author":[{"embeddable":true,"href":"https:\/\/symposium.ca-institute.com\/index.php\/wp-json\/wp\/v2\/users\/2"}],"replies":[{"embeddable":true,"href":"https:\/\/symposium.ca-institute.com\/index.php\/wp-json\/wp\/v2\/comments?post=2172"}],"version-history":[{"count":8,"href":"https:\/\/symposium.ca-institute.com\/index.php\/wp-json\/wp\/v2\/pages\/2172\/revisions"}],"predecessor-version":[{"id":3955,"href":"https:\/\/symposium.ca-institute.com\/index.php\/wp-json\/wp\/v2\/pages\/2172\/revisions\/3955"}],"wp:attachment":[{"href":"https:\/\/symposium.ca-institute.com\/index.php\/wp-json\/wp\/v2\/media?parent=2172"}],"curies":[{"name":"wp","href":"https:\/\/api.w.org\/{rel}","templated":true}]}}