{"id":57,"date":"2016-06-06T13:51:09","date_gmt":"2016-06-06T13:51:09","guid":{"rendered":"http:\/\/symposium2017.ca-institute.com\/?page_id=57"},"modified":"2017-05-09T08:54:47","modified_gmt":"2017-05-09T08:54:47","slug":"accommodation","status":"publish","type":"page","link":"https:\/\/symposium.ca-institute.com\/index.php\/accommodation\/","title":{"rendered":"Accommodation"},"content":{"rendered":"<p>[vc_row][vc_column][vc_column_text]<strong>Hotel International<\/strong><\/p>\n<p>The venue for the International Language Symposium Brno 2017. All rooms are elegant and meet our gold-standard! Breakfast, fitness, swimming pool, wifi, wellness and more. To book a room at a special Symposium rate, please be sure to type in the following code:\u00a0<strong>EAQUALSRate<\/strong><\/p>\n<p>Space is limited and is based on a first come first serve basis! Reserve today.<\/p>\n<p>&nbsp;[\/vc_column_text][vc_btn title=&#8221;Reserve a Room&#8221; color=&#8221;orange&#8221; align=&#8221;center&#8221; link=&#8221;url:https%3A%2F%2Fwww.book-secure.com%2Findex.php%3Fs%3Dresults%26property%3Dczbrn22701%26arrival%3D2017-05-30%26departure%3D2017-06-04%26code%3DEAQUALSRate%26adults1%3D1%26children1%3D0%26rooms%3D1%26locale%3Dcs_CZ%26currency%3DEUR%26stid%3Dnfgahydkm%26clusterName%3DCZBRNHTLInterBrno%26cluster%3DCZBRNHTLInterBrno%26redir%3DBIZ%26rt%3D1493974223|title:Hotel%20International%20Reservation|target:%20_blank&#8221;][vc_column_text][\/vc_column_text][vc_column_text]<strong>Hotel Continental<\/strong><\/p>\n<p>Hotel Continental, a\u00a0culturally significant functionalist hotel, is an 11 minute walk from the Moravian Gallery in Brno and Park Lu\u017e\u00e1nky, and 2 km from \u0160pilberk Castle.\u00a0<span class=\"_dgc kd-hc\" data-ved=\"0ahUKEwil5NLEus7SAhUKhiwKHWDUB-4Q3E0I1AEwFA\"><span class=\"_I5e\"><\/p>\n<p>Colorful rooms offer free Wi-Fi, desks and minibars; some have balconies. Upgraded rooms add flat-screen TVs and air-conditioning; some have city views. Suites have living rooms, while upgraded suites add tea and coffeemakers.<\/span><span class=\"_I5e\"><\/p>\n<p>A breakfast buffet is free. There&#8217;s a bright restaurant with stained-glass windows, a cafe with outdoor seating, and an elegant bar. A spa area has saunas and hot tubs. Secure parking is available for a surcharge.<\/span><\/span><\/p>\n<p>Book your room before 17.5 and reserve rooms for 31.5-4.6.2017 for an extra special rate.<\/p>\n<p>Economy Room (Double) &#8211; \u00a0Single use &#8211; 67 EUR\/night, Double use- 76 EUR\/night<\/p>\n<p>Superior Room &#8211; (Single) 83 EUR (single use)\/night<\/p>\n<p>Superior Room &#8211; (Double) 90 EUR (single use)\/night, 97 EUR (double use)\/night<\/p>\n<p>Breakfast and VAT included<\/p>\n<p>Parking &#8211; 9.50 EUR\/day<\/p>\n<p>Space is limited and is based on a first come first serve basis! Reserve today.<\/p>\n<p>Book directly by clicking on the link below.<\/p>\n<p>The code for the discount is: <strong>EAQUALS<\/strong><\/p>\n<p>&nbsp;[\/vc_column_text][vc_btn title=&#8221;Reserve a Room&#8221; color=&#8221;orange&#8221; align=&#8221;center&#8221; link=&#8221;url:http%3A%2F%2Fsymposium2017.ca-institute.com%2Findex.php%2Fhotel-continental-booking-form%2F|title:Hotel%20Continental%20Reservation|target:%20_blank&#8221;][vc_column_text]&nbsp;<\/p>\n<p>&nbsp;<\/p>\n<p>&nbsp;[\/vc_column_text][vc_column_text]&nbsp;<\/p>\n<p>&nbsp;[\/vc_column_text][\/vc_column][\/vc_row]<\/p>\n","protected":false},"excerpt":{"rendered":"<p>[vc_row][vc_column][vc_column_text]Hotel International The venue for the International Language Symposium Brno 2017. All rooms are elegant and meet our gold-standard! Breakfast, fitness, swimming pool, wifi, wellness and more. To book a <a href='https:\/\/symposium.ca-institute.com\/index.php\/accommodation\/' title='read more!'>&#8230;<\/a><\/p>\n","protected":false},"author":2,"featured_media":0,"parent":0,"menu_order":0,"comment_status":"closed","ping_status":"closed","template":"","meta":{"ngg_post_thumbnail":0,"footnotes":""},"class_list":["post-57","page","type-page","status-publish","hentry"],"_links":{"self":[{"href":"https:\/\/symposium.ca-institute.com\/index.php\/wp-json\/wp\/v2\/pages\/57","targetHints":{"allow":["GET"]}}],"collection":[{"href":"https:\/\/symposium.ca-institute.com\/index.php\/wp-json\/wp\/v2\/pages"}],"about":[{"href":"https:\/\/symposium.ca-institute.com\/index.php\/wp-json\/wp\/v2\/types\/page"}],"author":[{"embeddable":true,"href":"https:\/\/symposium.ca-institute.com\/index.php\/wp-json\/wp\/v2\/users\/2"}],"replies":[{"embeddable":true,"href":"https:\/\/symposium.ca-institute.com\/index.php\/wp-json\/wp\/v2\/comments?post=57"}],"version-history":[{"count":28,"href":"https:\/\/symposium.ca-institute.com\/index.php\/wp-json\/wp\/v2\/pages\/57\/revisions"}],"predecessor-version":[{"id":1970,"href":"https:\/\/symposium.ca-institute.com\/index.php\/wp-json\/wp\/v2\/pages\/57\/revisions\/1970"}],"wp:attachment":[{"href":"https:\/\/symposium.ca-institute.com\/index.php\/wp-json\/wp\/v2\/media?parent=57"}],"curies":[{"name":"wp","href":"https:\/\/api.w.org\/{rel}","templated":true}]}}